{"id":5264,"date":"2025-03-19T14:41:15","date_gmt":"2025-03-19T13:41:15","guid":{"rendered":"https:\/\/alohagrill.es\/?page_id=5264"},"modified":"2025-03-19T14:42:45","modified_gmt":"2025-03-19T13:42:45","slug":"privacy-policy","status":"publish","type":"page","link":"https:\/\/alohagrill.es\/es\/privacy-policy\/","title":{"rendered":"Pol\u00edtica de Privacidad"},"content":{"rendered":"<div data-elementor-type=\"wp-page\" data-elementor-id=\"5264\" class=\"elementor elementor-5264\">\n\t\t\t\t\t\t<section class=\"elementor-section elementor-top-section elementor-element elementor-element-7eb4bd7 elementor-section-height-min-height elementor-section-boxed elementor-section-height-default elementor-section-items-middle\" data-id=\"7eb4bd7\" data-element_type=\"section\" data-e-type=\"section\" data-settings=\"{&quot;background_background&quot;:&quot;classic&quot;}\">\n\t\t\t\t\t\t<div class=\"elementor-container elementor-column-gap-default\">\n\t\t\t\t\t<div class=\"elementor-column elementor-col-100 elementor-top-column elementor-element elementor-element-5e35797\" data-id=\"5e35797\" data-element_type=\"column\" data-e-type=\"column\">\n\t\t\t<div class=\"elementor-widget-wrap\">\n\t\t\t\t\t\t\t<\/div>\n\t\t<\/div>\n\t\t\t\t\t<\/div>\n\t\t<\/section>\n\t\t\t\t<section class=\"elementor-section elementor-top-section elementor-element elementor-element-87591bc elementor-section-boxed elementor-section-height-default elementor-section-height-default elementor-invisible\" data-id=\"87591bc\" data-element_type=\"section\" data-e-type=\"section\" data-settings=\"{&quot;animation&quot;:&quot;fadeIn&quot;}\">\n\t\t\t\t\t\t<div class=\"elementor-container elementor-column-gap-default\">\n\t\t\t\t\t<div class=\"elementor-column elementor-col-100 elementor-top-column elementor-element elementor-element-2c26843\" data-id=\"2c26843\" data-element_type=\"column\" data-e-type=\"column\">\n\t\t\t<div class=\"elementor-widget-wrap elementor-element-populated\">\n\t\t\t\t\t\t<div class=\"elementor-element elementor-element-9982c1a deco_title elementor-widget elementor-widget-heading\" data-id=\"9982c1a\" data-element_type=\"widget\" data-e-type=\"widget\" data-widget_type=\"heading.default\">\n\t\t\t\t<div class=\"elementor-widget-container\">\n\t\t\t\t\t<h3 class=\"elementor-heading-title elementor-size-default\">Aloha Grill<\/h3>\t\t\t\t<\/div>\n\t\t\t\t<\/div>\n\t\t\t\t<div class=\"elementor-element elementor-element-89fb51f main_title elementor-widget elementor-widget-heading\" data-id=\"89fb51f\" data-element_type=\"widget\" data-e-type=\"widget\" data-widget_type=\"heading.default\">\n\t\t\t\t<div class=\"elementor-widget-container\">\n\t\t\t\t\t<h2 class=\"elementor-heading-title elementor-size-default\">PRIVACY POLICY<\/h2>\t\t\t\t<\/div>\n\t\t\t\t<\/div>\n\t\t\t\t<div class=\"elementor-element elementor-element-b200e4d elementor-widget elementor-widget-spacer\" data-id=\"b200e4d\" data-element_type=\"widget\" data-e-type=\"widget\" data-widget_type=\"spacer.default\">\n\t\t\t\t<div class=\"elementor-widget-container\">\n\t\t\t\t\t\t\t<div class=\"elementor-spacer\">\n\t\t\t<div class=\"elementor-spacer-inner\"><\/div>\n\t\t<\/div>\n\t\t\t\t\t\t<\/div>\n\t\t\t\t<\/div>\n\t\t\t\t<div class=\"elementor-element elementor-element-bf16218 elementor-widget-tablet__width-inherit no_underline cookie_text elementor-widget elementor-widget-text-editor\" data-id=\"bf16218\" data-element_type=\"widget\" data-e-type=\"widget\" data-widget_type=\"text-editor.default\">\n\t\t\t\t<div class=\"elementor-widget-container\">\n\t\t\t\t\t\t\t\t\t<p>En cumplimiento de lo dispuesto en el Reglamento General de Protecci\u00f3n de Datos 2016\/679 (RGPD) y la Ley Org\u00e1nica 3\/2018 de Protecci\u00f3n de Datos y Garant\u00eda de los Derechos Digitales (LOPDGDD) de 5 diciembre de 2018, informamos:<\/p><p><span style=\"text-decoration: underline;\">RESPONSABLE DEL TRATAMIENTO <\/span><\/p><p><strong>Identidad:<\/strong> SONOMA SL con CIF B93039212, en adelante \u201cel Titular\u201d<\/p><p><strong>Direcci\u00f3n:<\/strong> Avenida del prado S\/N; 29660; Marbella \u2013 M\u00e1laga<\/p><p><strong>Tel\u00e9fono:<\/strong> 952 639 111<\/p><p><strong>E-mail:<\/strong> <a href=\"mailto:info@haciendalosnaranjos.com\">info@haciendalosnaranjos.com<\/a><\/p><p><strong>E-mail de contacto:<\/strong> <a href=\"mailto:info@alohagrill.es\">info@alohagrill.es<\/a><\/p><p><u>FINALIDAD DEL TRATAMIENTO DE LOS DATOS.<\/u><\/p><p>Le informamos que los datos que nos facilite se tratan con las finalidades de atender y responder las solicitudes de contacto, peticiones de informaci\u00f3n y\/o consultas recibidas, tramitar las reservas realizadas a trav\u00e9s del formulario correspondiente u otras v\u00edas de contacto disponibles en la web, as\u00ed como enviar informaci\u00f3n comercial acerca de nuestros productos y\/o servicios que puedan resultar de inter\u00e9s, previa autorizaci\u00f3n expresa.<\/p><p>De conformidad con lo previsto en el RGPD se mantiene un registro de actividades de tratamiento que especifica, seg\u00fan sus finalidades, las actividades de tratamiento llevadas a cabo y las dem\u00e1s circunstancias establecidas en el RGPD.<\/p><p>La informaci\u00f3n personal no ser\u00e1 utilizada para otros fines que los relacionados con los servicios contratados o productos adquiridos. No se tomar\u00e1n decisiones automatizadas en base a dicho perfil.<\/p><p><strong>\u00a0<\/strong><\/p><p><u>LEGITIMACI\u00d3N PARA EL TRATAMIENTO DE DATOS<\/u><\/p><p>La base legal para el tratamiento realizado est\u00e1 basada en:<\/p><ul><li>El consentimiento otorgado por el Usuario mediante la aceptaci\u00f3n de la presente Pol\u00edtica y la casilla correspondiente.<\/li><li>El Usuario ha aportado sus datos personales en el marco de una relaci\u00f3n contractual o precontractual para la atenci\u00f3n de su solicitud y\/o consulta y por tanto su tratamiento es necesario para el mantenimiento de dicha relaci\u00f3n.<\/li><li>Las obligaciones legales aplicables a Titular que requieren del tratamiento de los datos personales de acuerdo con los servicios prestados o aquellas relacionadas con cuestiones tributarias.<\/li><\/ul><p><u>DATOS PERSONALES QUE SE TRATAN Y PROCEDENCIA<\/u><\/p><p>Los datos personales facilitados que tratamos son de car\u00e1cter identificativo. Estos datos han sido facilitados por el propio Usuario mediante el formulario de contacto, el env\u00edo de correos electr\u00f3nicos o uso de las funcionalidades ofrecidas en el sitio web.<\/p><p>El uso de los apartados de contacto, cumplimentaci\u00f3n de formularios y\/o funcionalidades ofrecidas en el Portal es voluntario. No obstante, la cumplimentaci\u00f3n de determinados campos del formulario o su facilitaci\u00f3n mediante el uso de otras funcionalidades resultan necesarios para atender y gestionar correctamente su solicitud, por lo que la negativa del Usuario a facilitar la informaci\u00f3n requerida impedir\u00e1 a Titular atenderla y gestionarla correctamente.<\/p><p>El Usuario garantiza que los datos que nos facilita son veraces, exactos y completos. Se cancelar\u00e1n, borrar\u00e1n o bloquear\u00e1n los datos cuando resulten inexactos, incompletos o hayan dejado de ser necesarios o pertinentes para su finalidad conforme a la legislaci\u00f3n vigente. Si los datos personales aportados son de un tercero, el Usuario garantiza que le ha informado de la Pol\u00edtica de Privacidad y ha obtenido su autorizaci\u00f3n para facilitar sus datos con las finalidades antes se\u00f1aladas. Igualmente garantiza que los datos aportados son exactos y actualizados, siendo responsable de cualquier da\u00f1o o perjuicio, directo o indirecto, que pudiera ocasionarse como consecuencia del incumplimiento de tal obligaci\u00f3n. El Usuario se compromete y responsabiliza de la veracidad y correcci\u00f3n de los datos que nos facilita, comprometi\u00e9ndose a mantenerlos debidamente actualizados.<\/p><p><u>PROTECCI\u00d3N DE DATOS DE MENORES<\/u><\/p><p>El presente sitio web se dirige a usuarios mayores de 18 a\u00f1os. Seg\u00fan lo establecido en el RGPD y en la LOPDGDD s\u00f3lo los mayores de 14 a\u00f1os podr\u00e1n otorgar su consentimiento para el tratamiento de sus datos personales de forma l\u00edcita. S\u00f3lo podr\u00e1n aportar datos personales en este sitio web las personas mayores de 14 a\u00f1os. En caso de menores de 14 a\u00f1os, ser\u00e1 condici\u00f3n obligatoria el consentimiento de sus padres o tutores para poder tratar sus datos personales.<\/p><p><u>POL\u00cdTICA DE ENLACES Y REDES SOCIALES<\/u><\/p><p>El sitio web puede incluir enlaces o links a sitios de terceros como redes sociales en los que Titular est\u00e1 presente. Las antedichas webs de terceros no han sido revisadas ni son objeto de controles sobre los mismos por la propia web ni su titular. El Titular no se har\u00e1 responsable de los contenidos que libremente ha publicado el usuario. El usuario debe tener presente que sus publicaciones ser\u00e1n conocidas por los otros usuarios, por lo que \u00e9l mismo es el principal responsable de su privacidad.<\/p><p><u>PLAZOS DE CONSERVACI\u00d3N DE LOS DATOS PERSONALES.<\/u><\/p><p>Los datos personales proporcionados por el Usuario se conservar\u00e1n mientras permanezca dado de alta en el servicio, mientras se mantenga la relaci\u00f3n negocial, mientras el Usuario no solicite su supresi\u00f3n, o durante el plazo legal establecido. As\u00ed mismo podr\u00e1n conservarse cuando sean necesarios para el cumplimiento de una obligaci\u00f3n legal o para la formulaci\u00f3n, el ejercicio y la defensa de reclamaciones.<\/p><p>Si el Usuario retira su consentimiento o ejercita los derechos de oposici\u00f3n o supresi\u00f3n, sus datos se conservar\u00e1n bloqueados a disposici\u00f3n de la Administraci\u00f3n de Justicia durante los plazos establecidos legalmente para atender a las posibles responsabilidades nacidas del tratamiento de los datos personales. En ning\u00fan caso condicionar\u00e1 la prestaci\u00f3n del servicio, y\/o la ejecuci\u00f3n de contratos con el Titular.<\/p><p>La retirada del consentimiento no afectar\u00e1 a la licitud del tratamiento basada en el consentimiento previo a su retirada.<\/p><p><u>SECRETO Y SEGURIDAD DE LOS DATOS PERSONALES<\/u><\/p><p>El Titular se compromete a adoptar las medidas t\u00e9cnicas y organizativas necesarias, seg\u00fan el nivel de seguridad adecuado al riesgo de los datos recogidos, de forma que se garantice la seguridad de los datos de car\u00e1cter personal y se evite la destrucci\u00f3n, p\u00e9rdida o alteraci\u00f3n accidental o il\u00edcita de datos personales transmitidos, conservados o tratados de otra forma, o la comunicaci\u00f3n o acceso no autorizados a dichos datos.<\/p><p>Los datos personales ser\u00e1n tratados como confidenciales por el Titular, quien se compromete a informar y a garantizar por medio de una obligaci\u00f3n legal o contractual que dicha confidencialidad sea respetada por sus empleados, asociados, y toda persona a la cual le haga accesible la informaci\u00f3n.<\/p><p><u>CESIONES Y DESTINATARIOS DE LOS DATOS PERSONALES.<\/u><\/p><p>Sus datos personales ser\u00e1n comunicados \u00fanicamente en los casos legalmente previstos para el cumplimiento de obligaciones directamente exigibles al Titular, cuando resulte necesario para cumplir con las finalidades del tratamiento indicadas anteriormente o para prestar servicios estrictamente necesarios para el desarrollo de la actividad.<\/p><p><u>DERECHOS DE LOS USUARIOS.<\/u><\/p><p>\u00bfCu\u00e1les son sus derechos cuando nos facilita sus datos?<\/p><p>El Usuario tiene derecho a obtener confirmaci\u00f3n sobre si estamos tratando datos personales que les conciernan, o no. El Usuario tiene derecho a <strong>acceder<\/strong> a sus datos personales, as\u00ed como a solicitar la <strong>rectificaci\u00f3n<\/strong> de los datos inexactos o, en su caso, solicitar su <strong>supresi\u00f3n<\/strong> cuando, entre otros motivos, los datos ya no sean necesarios para los fines que fueron recogidos. En determinadas circunstancias, el Usuario podr\u00e1 solicitar la <strong>limitaci\u00f3n<\/strong> del tratamiento de sus datos, en cuyo caso \u00fanicamente los conservaremos para el ejercicio o la defensa de reclamaciones. En determinadas circunstancias y por motivos relacionados con su situaci\u00f3n particular, el Usuario podr\u00e1 <strong>oponerse<\/strong> al tratamiento de sus datos, por lo que el responsable del tratamiento dejar\u00e1 de tratar los datos, salvo por motivos leg\u00edtimos imperiosos, o el ejercicio o la defensa de posibles reclamaciones. En aquellos supuestos en los que legalmente proceda, tendr\u00e1 el derecho a la <strong>portabilidad<\/strong> de los datos, lo que implica que tiene derecho a recibir los datos personales relativos a su persona que estemos tratando y almacenarlos en un dispositivo propio.<\/p><p>Puede ejercitar ante el Titular, en caso de que resulten de aplicaci\u00f3n, los derechos de acceso, rectificaci\u00f3n, oposici\u00f3n, supresi\u00f3n, limitaci\u00f3n del tratamiento, portabilidad y a oponerse a ser objeto de decisiones individuales automatizadas mediante comunicaci\u00f3n escrita acompa\u00f1ada de fotocopia del D.N.I. para acreditar su identidad, con la referencia \u201cDerechos RGPD\u201d dirigida a la direcci\u00f3n de correo electr\u00f3nico: <a href=\"mailto:info@haciendalosnaranjos.com\">info@haciendalosnaranjos.com<\/a><\/p><p>Igualmente, le informamos que puede dirigir cualquier tipo de reclamaci\u00f3n en materia de protecci\u00f3n de datos personales a la Agencia Espa\u00f1ola de Protecci\u00f3n de Datos <a href=\"http:\/\/www.agpd.es\">www.agpd.es<\/a>, Autoridad de Control de Espa\u00f1a.<\/p>\t\t\t\t\t\t\t\t<\/div>\n\t\t\t\t<\/div>\n\t\t\t\t<div class=\"elementor-element elementor-element-2031e69 elementor-widget elementor-widget-spacer\" data-id=\"2031e69\" data-element_type=\"widget\" data-e-type=\"widget\" data-widget_type=\"spacer.default\">\n\t\t\t\t<div class=\"elementor-widget-container\">\n\t\t\t\t\t\t\t<div class=\"elementor-spacer\">\n\t\t\t<div class=\"elementor-spacer-inner\"><\/div>\n\t\t<\/div>\n\t\t\t\t\t\t<\/div>\n\t\t\t\t<\/div>\n\t\t\t\t\t<\/div>\n\t\t<\/div>\n\t\t\t\t\t<\/div>\n\t\t<\/section>\n\t\t\t\t<\/div>","protected":false},"excerpt":{"rendered":"<p>Aloha Grill PRIVACY POLICY En cumplimiento de lo dispuesto en el Reglamento General de Protecci\u00f3n de Datos 2016\/679 (RGPD) y la Ley Org\u00e1nica 3\/2018 de Protecci\u00f3n de Datos y Garant\u00eda de los Derechos Digitales (LOPDGDD) de 5 diciembre de 2018, informamos: RESPONSABLE DEL TRATAMIENTO Identidad: SONOMA SL con CIF B93039212, en adelante \u201cel Titular\u201d Direcci\u00f3n: [&hellip;]<\/p>\n","protected":false},"author":1,"featured_media":0,"parent":0,"menu_order":0,"comment_status":"closed","ping_status":"closed","template":"elementor_header_footer","meta":{"footnotes":""},"class_list":["post-5264","page","type-page","status-publish","hentry"],"_links":{"self":[{"href":"https:\/\/alohagrill.es\/es\/wp-json\/wp\/v2\/pages\/5264","targetHints":{"allow":["GET"]}}],"collection":[{"href":"https:\/\/alohagrill.es\/es\/wp-json\/wp\/v2\/pages"}],"about":[{"href":"https:\/\/alohagrill.es\/es\/wp-json\/wp\/v2\/types\/page"}],"author":[{"embeddable":true,"href":"https:\/\/alohagrill.es\/es\/wp-json\/wp\/v2\/users\/1"}],"replies":[{"embeddable":true,"href":"https:\/\/alohagrill.es\/es\/wp-json\/wp\/v2\/comments?post=5264"}],"version-history":[{"count":4,"href":"https:\/\/alohagrill.es\/es\/wp-json\/wp\/v2\/pages\/5264\/revisions"}],"predecessor-version":[{"id":5270,"href":"https:\/\/alohagrill.es\/es\/wp-json\/wp\/v2\/pages\/5264\/revisions\/5270"}],"wp:attachment":[{"href":"https:\/\/alohagrill.es\/es\/wp-json\/wp\/v2\/media?parent=5264"}],"curies":[{"name":"wp","href":"https:\/\/api.w.org\/{rel}","templated":true}]}}